{"id":615,"date":"2024-02-27T04:30:04","date_gmt":"2024-02-27T09:30:04","guid":{"rendered":"https:\/\/stilvollwelt.com\/?page_id=615"},"modified":"2024-02-27T04:30:06","modified_gmt":"2024-02-27T09:30:06","slug":"kontaktiere-uns","status":"publish","type":"page","link":"https:\/\/stilvollwelt.com\/?page_id=615","title":{"rendered":"Kontaktiere uns"},"content":{"rendered":"\n<p>Wir freuen uns \u00fcber Ihr Interesse an StilvollWelt.com. Bitte z\u00f6gern Sie nicht, uns bei Fragen, Anregungen oder Anfragen zu kontaktieren. Sie k\u00f6nnen uns per E-Mail unter <a>contact@stilvollwelt.com<\/a> erreichen oder das unten stehende Kontaktformular verwenden.<\/p>\n\n\n\n<h4 class=\"wp-block-heading\">Kontaktinformationen:<\/h4>\n\n\n\n<ul>\n<li><strong>E-Mail:<\/strong> <a>contact@stilvollwelt.com<\/a><\/li>\n<\/ul>\n\n\n\n<p>Wir bem\u00fchen uns, Ihre Anfragen so schnell wie m\u00f6glich zu beantworten und Ihnen den bestm\u00f6glichen Service zu bieten. Vielen Dank f\u00fcr Ihr Vertrauen und Ihre Unterst\u00fctzung!<\/p>\n\n\n\n<p>Mit freundlichen Gr\u00fc\u00dfen,<\/p>\n\n\n\n<p>Das StilvollWelt.com<\/p>\n","protected":false},"excerpt":{"rendered":"<p>Wir freuen uns \u00fcber Ihr Interesse an StilvollWelt.com. Bitte z\u00f6gern Sie nicht, uns bei Fragen, Anregungen oder Anfragen zu kontaktieren. Sie k\u00f6nnen uns per E-Mail unter contact@stilvollwelt.com erreichen oder das unten stehende Kontaktformular verwenden. Kontaktinformationen: Wir bem\u00fchen uns, Ihre Anfragen so schnell wie m\u00f6glich zu beantworten und Ihnen den bestm\u00f6glichen Service zu bieten. Vielen Dank [&hellip;]<\/p>\n","protected":false},"author":1,"featured_media":0,"parent":0,"menu_order":0,"comment_status":"closed","ping_status":"closed","template":"","meta":{"footnotes":""},"_links":{"self":[{"href":"https:\/\/stilvollwelt.com\/index.php?rest_route=\/wp\/v2\/pages\/615"}],"collection":[{"href":"https:\/\/stilvollwelt.com\/index.php?rest_route=\/wp\/v2\/pages"}],"about":[{"href":"https:\/\/stilvollwelt.com\/index.php?rest_route=\/wp\/v2\/types\/page"}],"author":[{"embeddable":true,"href":"https:\/\/stilvollwelt.com\/index.php?rest_route=\/wp\/v2\/users\/1"}],"replies":[{"embeddable":true,"href":"https:\/\/stilvollwelt.com\/index.php?rest_route=%2Fwp%2Fv2%2Fcomments&post=615"}],"version-history":[{"count":1,"href":"https:\/\/stilvollwelt.com\/index.php?rest_route=\/wp\/v2\/pages\/615\/revisions"}],"predecessor-version":[{"id":616,"href":"https:\/\/stilvollwelt.com\/index.php?rest_route=\/wp\/v2\/pages\/615\/revisions\/616"}],"wp:attachment":[{"href":"https:\/\/stilvollwelt.com\/index.php?rest_route=%2Fwp%2Fv2%2Fmedia&parent=615"}],"curies":[{"name":"wp","href":"https:\/\/api.w.org\/{rel}","templated":true}]}}